{"id":7727,"date":"2023-07-05T14:50:36","date_gmt":"2023-07-05T14:50:36","guid":{"rendered":"https:\/\/golfnaturalguidance.com\/anfaengerkurs\/"},"modified":"2025-02-13T14:30:29","modified_gmt":"2025-02-13T14:30:29","slug":"anfaengerkurs","status":"publish","type":"page","link":"https:\/\/www.golfnaturalguidance.com\/de\/anfaengerkurs\/","title":{"rendered":"Anf\u00e4ngerkurs"},"content":{"rendered":"\t\t<div data-elementor-type=\"wp-page\" data-elementor-id=\"7727\" class=\"elementor elementor-7727 elementor-7704\" data-elementor-post-type=\"page\">\n\t\t\t\t\t\t<section class=\"elementor-section elementor-top-section elementor-element elementor-element-7b77881 elementor-section-boxed elementor-section-height-default elementor-section-height-default\" data-id=\"7b77881\" data-element_type=\"section\" data-e-type=\"section\">\n\t\t\t\t\t\t<div class=\"elementor-container elementor-column-gap-default\">\n\t\t\t\t\t<div class=\"elementor-column elementor-col-100 elementor-top-column elementor-element elementor-element-5128cf0\" data-id=\"5128cf0\" data-element_type=\"column\" data-e-type=\"column\">\n\t\t\t<div class=\"elementor-widget-wrap elementor-element-populated\">\n\t\t\t\t\t\t<div class=\"elementor-element elementor-element-bd9a872 elementor-widget elementor-widget-heading\" data-id=\"bd9a872\" data-element_type=\"widget\" data-e-type=\"widget\" data-widget_type=\"heading.default\">\n\t\t\t\t\t<h1 class=\"elementor-heading-title elementor-size-default\">Kurse f\u00fcr Anf\u00e4nger \"APRENDE\"<\/h1>\t\t\t\t<\/div>\n\t\t\t\t\t<\/div>\n\t\t<\/div>\n\t\t\t\t\t<\/div>\n\t\t<\/section>\n\t\t\t\t<section class=\"elementor-section elementor-top-section elementor-element elementor-element-9234c37 elementor-section-content-middle elementor-reverse-tablet elementor-reverse-mobile elementor-section-boxed elementor-section-height-default elementor-section-height-default\" data-id=\"9234c37\" data-element_type=\"section\" data-e-type=\"section\" data-settings=\"{&quot;background_background&quot;:&quot;classic&quot;}\">\n\t\t\t\t\t\t<div class=\"elementor-container elementor-column-gap-narrow\">\n\t\t\t\t\t<div class=\"elementor-column elementor-col-100 elementor-top-column elementor-element elementor-element-f27f8dd\" data-id=\"f27f8dd\" data-element_type=\"column\" data-e-type=\"column\">\n\t\t\t<div class=\"elementor-widget-wrap elementor-element-populated\">\n\t\t\t\t\t\t<div class=\"elementor-element elementor-element-69894de elementor-widget elementor-widget-heading\" data-id=\"69894de\" data-element_type=\"widget\" data-e-type=\"widget\" data-widget_type=\"heading.default\">\n\t\t\t\t\t<h2 class=\"elementor-heading-title elementor-size-default\">FGB #silopruebastequedas<\/h2>\t\t\t\t<\/div>\n\t\t\t\t<div class=\"elementor-element elementor-element-7d47187 elementor-widget elementor-widget-image\" data-id=\"7d47187\" data-element_type=\"widget\" data-e-type=\"widget\" data-widget_type=\"image.default\">\n\t\t\t\t\t\t\t\t\t\t\t\t\t\t\t<img fetchpriority=\"high\" decoding=\"async\" width=\"850\" height=\"600\" src=\"https:\/\/www.golfnaturalguidance.com\/wp-content\/uploads\/2023\/07\/Riviera-Maya_Adultos-4.jpg\" class=\"attachment-full size-full wp-image-5591\" alt=\"Riviera Maya_Erwachsene\" srcset=\"https:\/\/www.golfnaturalguidance.com\/wp-content\/uploads\/2023\/07\/Riviera-Maya_Adultos-4.jpg 850w, https:\/\/www.golfnaturalguidance.com\/wp-content\/uploads\/2023\/07\/Riviera-Maya_Adultos-4-300x212.jpg 300w, https:\/\/www.golfnaturalguidance.com\/wp-content\/uploads\/2023\/07\/Riviera-Maya_Adultos-4-768x542.jpg 768w, https:\/\/www.golfnaturalguidance.com\/wp-content\/uploads\/2023\/07\/Riviera-Maya_Adultos-4-600x424.jpg 600w\" sizes=\"(max-width: 850px) 100vw, 850px\" \/>\t\t\t\t\t\t\t\t\t\t\t\t\t\t\t<\/div>\n\t\t\t\t<section class=\"elementor-section elementor-inner-section elementor-element elementor-element-92f5cc0 elementor-section-boxed elementor-section-height-default elementor-section-height-default\" data-id=\"92f5cc0\" data-element_type=\"section\" data-e-type=\"section\">\n\t\t\t\t\t\t<div class=\"elementor-container elementor-column-gap-default\">\n\t\t\t\t\t<div class=\"elementor-column elementor-col-100 elementor-inner-column elementor-element elementor-element-2443753\" data-id=\"2443753\" data-element_type=\"column\" data-e-type=\"column\">\n\t\t\t<div class=\"elementor-widget-wrap elementor-element-populated\">\n\t\t\t\t\t\t<div class=\"elementor-element elementor-element-5304e32 elementor-widget elementor-widget-heading\" data-id=\"5304e32\" data-element_type=\"widget\" data-e-type=\"widget\" data-widget_type=\"heading.default\">\n\t\t\t\t\t<h4 class=\"elementor-heading-title elementor-size-default\">PREIS<\/h4>\t\t\t\t<\/div>\n\t\t\t\t<div class=\"elementor-element elementor-element-318929b elementor-widget elementor-widget-text-editor\" data-id=\"318929b\" data-element_type=\"widget\" data-e-type=\"widget\" data-widget_type=\"text-editor.default\">\n\t\t\t\t\t\t\t\t\t<p style=\"font-weight: 400;\">99 \u20ac pro Person (Gruppen von 5 bis 10 Personen)<\/p>\n\t\t\t\t\t\t\t\t<\/div>\n\t\t\t\t<div class=\"elementor-element elementor-element-7bb1545 elementor-widget-divider--view-line elementor-widget elementor-widget-divider\" data-id=\"7bb1545\" data-element_type=\"widget\" data-e-type=\"widget\" data-widget_type=\"divider.default\">\n\t\t\t\t\t\t\t<div class=\"elementor-divider\">\n\t\t\t<span class=\"elementor-divider-separator\">\n\t\t\t\t\t\t<\/span>\n\t\t<\/div>\n\t\t\t\t\t\t<\/div>\n\t\t\t\t<div class=\"elementor-element elementor-element-d964c08 elementor-widget elementor-widget-text-editor\" data-id=\"d964c08\" data-element_type=\"widget\" data-e-type=\"widget\" data-widget_type=\"text-editor.default\">\n\t\t\t\t\t\t\t\t\t<p><strong>Dauer:<\/strong> 8 Stunden<\/p>\n<p>Entdecken Sie die aufregende Welt des Golfsports bei Golf Natural Guidance von Toni Planells.<\/p>\n<p>In diesem Kurs lernst Du alles \u00fcber den Golfplatz, alles was ein Schl\u00e4gerset ausmacht und die vier Grundschl\u00e4ge: Putt, Pitch, Chip und das lange Spiel.<\/p>\n<p>Sobald Sie diese vier Schl\u00e4ge beherrschen, k\u00f6nnen Sie mit dem Spielen auf dem Golfplatz beginnen.<\/p>\n<p>Am letzten Tag werden wir alle gelernten Lektionen auf dem einzigen P&amp;P-Golfplatz der Balearen, Son Quint P&amp;P, in die Praxis umsetzen.<\/p>\n<p>Diese Aktivit\u00e4t richtet sich an Anf\u00e4nger, die keine Verbandslizenz besitzen und noch nicht am Kurs teilgenommen haben. F\u00fcr alle \u00fcber 16 Jahre.  <\/p>\n<p><strong>Beinhaltet (w\u00e4hrend des Unterrichts):<\/strong><\/p>\n<ul>\n<li> Zivilhaftpflichtversicherung<\/li>\n<li> Zutritt und Nutzung der Einrichtungen<\/li>\n<li> B\u00e4lle und Golfschl\u00e4ger<\/li>\n<li>Diplomierter Lehrer<\/li>\n<li>8 Stunden Golf<\/li>\n<li>Einf\u00fchrungsstunde ins Golfspiel, Erkl\u00e4rung des Spiels, Regeln und Protokoll, die auf dem Platz zu befolgen sind<\/li>\n<li>Unterricht zum langen Spiel, Putten und kurzen Spiel<\/li>\n<\/ul>\n\t\t\t\t\t\t\t\t<\/div>\n\t\t\t\t\t<\/div>\n\t\t<\/div>\n\t\t\t\t\t<\/div>\n\t\t<\/section>\n\t\t\t\t<div class=\"elementor-element elementor-element-5f7e112 elementor-align-center elementor-widget elementor-widget-button\" data-id=\"5f7e112\" data-element_type=\"widget\" data-e-type=\"widget\" data-widget_type=\"button.default\">\n\t\t\t\t\t\t\t\t\t\t<a class=\"elementor-button elementor-button-link elementor-size-sm\" href=\"https:\/\/www.golfnaturalguidance.com\/wp-content\/uploads\/2024\/10\/APRENDE-CURSOS-SEPT-A-DICIEMBRE.pdf\">\n\t\t\t\t\t\t<span class=\"elementor-button-content-wrapper\">\n\t\t\t\t\t\t\t\t\t<span class=\"elementor-button-text\">TERMINE ANSEHEN<\/span>\n\t\t\t\t\t<\/span>\n\t\t\t\t\t<\/a>\n\t\t\t\t\t\t\t\t<\/div>\n\t\t\t\t<div class=\"elementor-element elementor-element-db4a00d elementor-align-right elementor-tablet-align-center elementor-mobile-align-justify elementor-hidden-desktop elementor-hidden-tablet elementor-hidden-mobile elementor-widget elementor-widget-button\" data-id=\"db4a00d\" data-element_type=\"widget\" data-e-type=\"widget\" data-widget_type=\"button.default\">\n\t\t\t\t\t\t\t\t\t\t<a class=\"elementor-button elementor-button-link elementor-size-sm\" href=\"https:\/\/www.golfnaturalguidance.com\/son-muntaner\/\">\n\t\t\t\t\t\t<span class=\"elementor-button-content-wrapper\">\n\t\t\t\t\t\t\t\t\t<span class=\"elementor-button-text\">MEHR<\/span>\n\t\t\t\t\t<\/span>\n\t\t\t\t\t<\/a>\n\t\t\t\t\t\t\t\t<\/div>\n\t\t\t\t\t<\/div>\n\t\t<\/div>\n\t\t\t\t\t<\/div>\n\t\t<\/section>\n\t\t\t\t<section class=\"elementor-section elementor-top-section elementor-element elementor-element-6610714 elementor-section-content-middle elementor-reverse-tablet elementor-reverse-mobile elementor-section-boxed elementor-section-height-default elementor-section-height-default\" data-id=\"6610714\" data-element_type=\"section\" data-e-type=\"section\" data-settings=\"{&quot;background_background&quot;:&quot;classic&quot;}\">\n\t\t\t\t\t\t<div class=\"elementor-container elementor-column-gap-narrow\">\n\t\t\t\t\t<div class=\"elementor-column elementor-col-100 elementor-top-column elementor-element elementor-element-b15aed7\" data-id=\"b15aed7\" data-element_type=\"column\" data-e-type=\"column\">\n\t\t\t<div class=\"elementor-widget-wrap elementor-element-populated\">\n\t\t\t\t\t\t<div class=\"elementor-element elementor-element-e0fede6 elementor-widget elementor-widget-heading\" data-id=\"e0fede6\" data-element_type=\"widget\" data-e-type=\"widget\" data-widget_type=\"heading.default\">\n\t\t\t\t\t<p class=\"elementor-heading-title elementor-size-default\">Gruppenunterricht - ANF\u00c4NGER \/ FORTGESCHRITTEN<\/p>\t\t\t\t<\/div>\n\t\t\t\t<div class=\"elementor-element elementor-element-a4e3b7e elementor-widget elementor-widget-image\" data-id=\"a4e3b7e\" data-element_type=\"widget\" data-e-type=\"widget\" data-widget_type=\"image.default\">\n\t\t\t\t\t\t\t\t\t\t\t\t\t\t\t<img decoding=\"async\" width=\"850\" height=\"600\" data-src=\"https:\/\/www.golfnaturalguidance.com\/wp-content\/uploads\/2023\/07\/Riviera-Maya_Adultos-6.jpg\" class=\"attachment-full size-full wp-image-5588 lazyload\" alt=\"Riviera\" data-srcset=\"https:\/\/www.golfnaturalguidance.com\/wp-content\/uploads\/2023\/07\/Riviera-Maya_Adultos-6.jpg 850w, https:\/\/www.golfnaturalguidance.com\/wp-content\/uploads\/2023\/07\/Riviera-Maya_Adultos-6-300x212.jpg 300w, https:\/\/www.golfnaturalguidance.com\/wp-content\/uploads\/2023\/07\/Riviera-Maya_Adultos-6-768x542.jpg 768w, https:\/\/www.golfnaturalguidance.com\/wp-content\/uploads\/2023\/07\/Riviera-Maya_Adultos-6-600x424.jpg 600w\" data-sizes=\"(max-width: 850px) 100vw, 850px\" src=\"data:image\/svg+xml;base64,PHN2ZyB3aWR0aD0iMSIgaGVpZ2h0PSIxIiB4bWxucz0iaHR0cDovL3d3dy53My5vcmcvMjAwMC9zdmciPjwvc3ZnPg==\" style=\"--smush-placeholder-width: 850px; --smush-placeholder-aspect-ratio: 850\/600;\" \/>\t\t\t\t\t\t\t\t\t\t\t\t\t\t\t<\/div>\n\t\t\t\t<section class=\"elementor-section elementor-inner-section elementor-element elementor-element-4768100 elementor-section-boxed elementor-section-height-default elementor-section-height-default\" data-id=\"4768100\" data-element_type=\"section\" data-e-type=\"section\">\n\t\t\t\t\t\t<div class=\"elementor-container elementor-column-gap-default\">\n\t\t\t\t\t<div class=\"elementor-column elementor-col-100 elementor-inner-column elementor-element elementor-element-2b8aed9\" data-id=\"2b8aed9\" data-element_type=\"column\" data-e-type=\"column\">\n\t\t\t<div class=\"elementor-widget-wrap elementor-element-populated\">\n\t\t\t\t\t\t<div class=\"elementor-element elementor-element-e8c78d0 elementor-widget elementor-widget-heading\" data-id=\"e8c78d0\" data-element_type=\"widget\" data-e-type=\"widget\" data-widget_type=\"heading.default\">\n\t\t\t\t\t<h4 class=\"elementor-heading-title elementor-size-default\">PREIS<\/h4>\t\t\t\t<\/div>\n\t\t\t\t<div class=\"elementor-element elementor-element-a83fccd elementor-widget elementor-widget-text-editor\" data-id=\"a83fccd\" data-element_type=\"widget\" data-e-type=\"widget\" data-widget_type=\"text-editor.default\">\n\t\t\t\t\t\t\t\t\t<p>Gruppen von 5 bis 10 Personen. Preis pro Person:  <\/p>\n<p>189 \u20ac Arabella-Mitglieder<br \/>199 \u20ac <span style=\"font-size: 1rem; font-family: var( --e-global-typography-text-font-family ), Sans-serif;\">Nicht-Arabella-Mitglieder<\/span> <\/p>\n\t\t\t\t\t\t\t\t<\/div>\n\t\t\t\t<div class=\"elementor-element elementor-element-c046b10 elementor-widget-divider--view-line elementor-widget elementor-widget-divider\" data-id=\"c046b10\" data-element_type=\"widget\" data-e-type=\"widget\" data-widget_type=\"divider.default\">\n\t\t\t\t\t\t\t<div class=\"elementor-divider\">\n\t\t\t<span class=\"elementor-divider-separator\">\n\t\t\t\t\t\t<\/span>\n\t\t<\/div>\n\t\t\t\t\t\t<\/div>\n\t\t\t\t<div class=\"elementor-element elementor-element-5dafb46 elementor-widget elementor-widget-text-editor\" data-id=\"5dafb46\" data-element_type=\"widget\" data-e-type=\"widget\" data-widget_type=\"text-editor.default\">\n\t\t\t\t\t\t\t\t\t<p><strong>Dauer: <\/strong>10 Stunden<\/p>\n<p>Golfunterricht zu erm\u00e4\u00dfigten Preisen und f\u00fcr Gruppen. Im Unterricht inbegriffen: Golfschl\u00e4ger, B\u00e4lle und Greenfee.<\/p>\n\t\t\t\t\t\t\t\t<\/div>\n\t\t\t\t\t<\/div>\n\t\t<\/div>\n\t\t\t\t\t<\/div>\n\t\t<\/section>\n\t\t\t\t<div class=\"elementor-element elementor-element-a0a4727 elementor-align-right elementor-tablet-align-center elementor-mobile-align-justify elementor-hidden-desktop elementor-hidden-tablet elementor-hidden-mobile elementor-widget elementor-widget-button\" data-id=\"a0a4727\" data-element_type=\"widget\" data-e-type=\"widget\" data-widget_type=\"button.default\">\n\t\t\t\t\t\t\t\t\t\t<a class=\"elementor-button elementor-button-link elementor-size-sm\" href=\"https:\/\/www.golfnaturalguidance.com\/son-muntaner\/\">\n\t\t\t\t\t\t<span class=\"elementor-button-content-wrapper\">\n\t\t\t\t\t\t\t\t\t<span class=\"elementor-button-text\">MEHR<\/span>\n\t\t\t\t\t<\/span>\n\t\t\t\t\t<\/a>\n\t\t\t\t\t\t\t\t<\/div>\n\t\t\t\t\t<\/div>\n\t\t<\/div>\n\t\t\t\t\t<\/div>\n\t\t<\/section>\n\t\t\t\t<\/div>\n\t\t","protected":false},"excerpt":{"rendered":"<p>Kurse f\u00fcr Anf\u00e4nger &#8222;APRENDE&#8220; FGB #silopruebastequedas PREIS 99 \u20ac pro Person (Gruppen von 5 bis 10 Personen) Dauer: 8 Stunden Entdecken Sie die aufregende Welt des Golfsports bei Golf Natural Guidance von Toni Planells. In diesem Kurs lernst Du alles \u00fcber den Golfplatz, alles was ein Schl\u00e4gerset ausmacht und die vier Grundschl\u00e4ge: Putt, Pitch, Chip [&hellip;]<\/p>\n","protected":false},"author":130,"featured_media":0,"parent":0,"menu_order":0,"comment_status":"closed","ping_status":"closed","template":"","meta":{"_acf_changed":false,"footnotes":""},"class_list":["post-7727","page","type-page","status-publish","hentry"],"acf":[],"yoast_head":"<!-- This site is optimized with the Yoast SEO plugin v27.6 - https:\/\/yoast.com\/product\/yoast-seo-wordpress\/ -->\n<title>Anf\u00e4ngerkurs - Golf Natural Guidance<\/title>\n<meta name=\"description\" content=\"Beginnen Sie mit Golf Natural Guidance im Golfsport. Kurse f\u00fcr Anf\u00e4nger. Lernen Sie die Grundlagen und verbessern Sie Ihre Technik. Melden Sie sich jetzt an!\" \/>\n<meta name=\"robots\" content=\"index, follow, max-snippet:-1, max-image-preview:large, max-video-preview:-1\" \/>\n<link rel=\"canonical\" href=\"https:\/\/www.golfnaturalguidance.com\/de\/anfaengerkurs\/\" \/>\n<meta property=\"og:locale\" content=\"de_DE\" \/>\n<meta property=\"og:type\" content=\"article\" \/>\n<meta property=\"og:title\" content=\"Anf\u00e4ngerkurs - Golf Natural Guidance\" \/>\n<meta property=\"og:description\" content=\"Beginnen Sie mit Golf Natural Guidance im Golfsport. Kurse f\u00fcr Anf\u00e4nger. Lernen Sie die Grundlagen und verbessern Sie Ihre Technik. Melden Sie sich jetzt an!\" \/>\n<meta property=\"og:url\" content=\"https:\/\/www.golfnaturalguidance.com\/de\/anfaengerkurs\/\" \/>\n<meta property=\"og:site_name\" content=\"Golf Natural Guidance\" \/>\n<meta property=\"article:modified_time\" content=\"2025-02-13T14:30:29+00:00\" \/>\n<meta property=\"og:image\" content=\"https:\/\/www.golfnaturalguidance.com\/wp-content\/uploads\/2023\/07\/Riviera-Maya_Adultos-4.jpg\" \/>\n<meta name=\"twitter:card\" content=\"summary_large_image\" \/>\n<meta name=\"twitter:label1\" content=\"Gesch\u00e4tzte Lesezeit\" \/>\n\t<meta name=\"twitter:data1\" content=\"1\u00a0Minute\" \/>\n<script type=\"application\/ld+json\" class=\"yoast-schema-graph\">{\"@context\":\"https:\\\/\\\/schema.org\",\"@graph\":[{\"@type\":\"WebPage\",\"@id\":\"https:\\\/\\\/www.golfnaturalguidance.com\\\/de\\\/anfaengerkurs\\\/\",\"url\":\"https:\\\/\\\/www.golfnaturalguidance.com\\\/de\\\/anfaengerkurs\\\/\",\"name\":\"Anf\u00e4ngerkurs - Golf Natural Guidance\",\"isPartOf\":{\"@id\":\"https:\\\/\\\/www.golfnaturalguidance.com\\\/de\\\/#website\"},\"primaryImageOfPage\":{\"@id\":\"https:\\\/\\\/www.golfnaturalguidance.com\\\/de\\\/anfaengerkurs\\\/#primaryimage\"},\"image\":{\"@id\":\"https:\\\/\\\/www.golfnaturalguidance.com\\\/de\\\/anfaengerkurs\\\/#primaryimage\"},\"thumbnailUrl\":\"https:\\\/\\\/www.golfnaturalguidance.com\\\/wp-content\\\/uploads\\\/2023\\\/07\\\/Riviera-Maya_Adultos-4.jpg\",\"datePublished\":\"2023-07-05T14:50:36+00:00\",\"dateModified\":\"2025-02-13T14:30:29+00:00\",\"description\":\"Beginnen Sie mit Golf Natural Guidance im Golfsport. Kurse f\u00fcr Anf\u00e4nger. Lernen Sie die Grundlagen und verbessern Sie Ihre Technik. Melden Sie sich jetzt an!\",\"breadcrumb\":{\"@id\":\"https:\\\/\\\/www.golfnaturalguidance.com\\\/de\\\/anfaengerkurs\\\/#breadcrumb\"},\"inLanguage\":\"de\",\"potentialAction\":[{\"@type\":\"ReadAction\",\"target\":[\"https:\\\/\\\/www.golfnaturalguidance.com\\\/de\\\/anfaengerkurs\\\/\"]}]},{\"@type\":\"ImageObject\",\"inLanguage\":\"de\",\"@id\":\"https:\\\/\\\/www.golfnaturalguidance.com\\\/de\\\/anfaengerkurs\\\/#primaryimage\",\"url\":\"https:\\\/\\\/www.golfnaturalguidance.com\\\/wp-content\\\/uploads\\\/2023\\\/07\\\/Riviera-Maya_Adultos-4.jpg\",\"contentUrl\":\"https:\\\/\\\/www.golfnaturalguidance.com\\\/wp-content\\\/uploads\\\/2023\\\/07\\\/Riviera-Maya_Adultos-4.jpg\"},{\"@type\":\"BreadcrumbList\",\"@id\":\"https:\\\/\\\/www.golfnaturalguidance.com\\\/de\\\/anfaengerkurs\\\/#breadcrumb\",\"itemListElement\":[{\"@type\":\"ListItem\",\"position\":1,\"name\":\"Home\",\"item\":\"https:\\\/\\\/www.golfnaturalguidance.com\\\/de\\\/\"},{\"@type\":\"ListItem\",\"position\":2,\"name\":\"Anf\u00e4ngerkurs\"}]},{\"@type\":\"WebSite\",\"@id\":\"https:\\\/\\\/www.golfnaturalguidance.com\\\/de\\\/#website\",\"url\":\"https:\\\/\\\/www.golfnaturalguidance.com\\\/de\\\/\",\"name\":\"Golf Natural Guidance\",\"description\":\"Golfunterricht auf Mallorca. Wir sind ein auf die Welt des Golfsports und insbesondere auf den Golfunterricht spezialisiertes Unternehmen.\",\"publisher\":{\"@id\":\"https:\\\/\\\/www.golfnaturalguidance.com\\\/de\\\/#organization\"},\"potentialAction\":[{\"@type\":\"SearchAction\",\"target\":{\"@type\":\"EntryPoint\",\"urlTemplate\":\"https:\\\/\\\/www.golfnaturalguidance.com\\\/de\\\/?s={search_term_string}\"},\"query-input\":{\"@type\":\"PropertyValueSpecification\",\"valueRequired\":true,\"valueName\":\"search_term_string\"}}],\"inLanguage\":\"de\"},{\"@type\":\"Organization\",\"@id\":\"https:\\\/\\\/www.golfnaturalguidance.com\\\/de\\\/#organization\",\"name\":\"Golf Natural Guidance\",\"url\":\"https:\\\/\\\/www.golfnaturalguidance.com\\\/de\\\/\",\"logo\":{\"@type\":\"ImageObject\",\"inLanguage\":\"de\",\"@id\":\"https:\\\/\\\/www.golfnaturalguidance.com\\\/de\\\/#\\\/schema\\\/logo\\\/image\\\/\",\"url\":\"https:\\\/\\\/www.golfnaturalguidance.com\\\/wp-content\\\/uploads\\\/2024\\\/12\\\/FRecurso-19.svg\",\"contentUrl\":\"https:\\\/\\\/www.golfnaturalguidance.com\\\/wp-content\\\/uploads\\\/2024\\\/12\\\/FRecurso-19.svg\",\"width\":70,\"height\":69,\"caption\":\"Golf Natural Guidance\"},\"image\":{\"@id\":\"https:\\\/\\\/www.golfnaturalguidance.com\\\/de\\\/#\\\/schema\\\/logo\\\/image\\\/\"}}]}<\/script>\n<!-- \/ Yoast SEO plugin. -->","yoast_head_json":{"title":"Anf\u00e4ngerkurs - Golf Natural Guidance","description":"Beginnen Sie mit Golf Natural Guidance im Golfsport. Kurse f\u00fcr Anf\u00e4nger. Lernen Sie die Grundlagen und verbessern Sie Ihre Technik. Melden Sie sich jetzt an!","robots":{"index":"index","follow":"follow","max-snippet":"max-snippet:-1","max-image-preview":"max-image-preview:large","max-video-preview":"max-video-preview:-1"},"canonical":"https:\/\/www.golfnaturalguidance.com\/de\/anfaengerkurs\/","og_locale":"de_DE","og_type":"article","og_title":"Anf\u00e4ngerkurs - Golf Natural Guidance","og_description":"Beginnen Sie mit Golf Natural Guidance im Golfsport. Kurse f\u00fcr Anf\u00e4nger. Lernen Sie die Grundlagen und verbessern Sie Ihre Technik. Melden Sie sich jetzt an!","og_url":"https:\/\/www.golfnaturalguidance.com\/de\/anfaengerkurs\/","og_site_name":"Golf Natural Guidance","article_modified_time":"2025-02-13T14:30:29+00:00","og_image":[{"url":"https:\/\/www.golfnaturalguidance.com\/wp-content\/uploads\/2023\/07\/Riviera-Maya_Adultos-4.jpg","type":"","width":"","height":""}],"twitter_card":"summary_large_image","twitter_misc":{"Gesch\u00e4tzte Lesezeit":"1\u00a0Minute"},"schema":{"@context":"https:\/\/schema.org","@graph":[{"@type":"WebPage","@id":"https:\/\/www.golfnaturalguidance.com\/de\/anfaengerkurs\/","url":"https:\/\/www.golfnaturalguidance.com\/de\/anfaengerkurs\/","name":"Anf\u00e4ngerkurs - Golf Natural Guidance","isPartOf":{"@id":"https:\/\/www.golfnaturalguidance.com\/de\/#website"},"primaryImageOfPage":{"@id":"https:\/\/www.golfnaturalguidance.com\/de\/anfaengerkurs\/#primaryimage"},"image":{"@id":"https:\/\/www.golfnaturalguidance.com\/de\/anfaengerkurs\/#primaryimage"},"thumbnailUrl":"https:\/\/www.golfnaturalguidance.com\/wp-content\/uploads\/2023\/07\/Riviera-Maya_Adultos-4.jpg","datePublished":"2023-07-05T14:50:36+00:00","dateModified":"2025-02-13T14:30:29+00:00","description":"Beginnen Sie mit Golf Natural Guidance im Golfsport. Kurse f\u00fcr Anf\u00e4nger. Lernen Sie die Grundlagen und verbessern Sie Ihre Technik. Melden Sie sich jetzt an!","breadcrumb":{"@id":"https:\/\/www.golfnaturalguidance.com\/de\/anfaengerkurs\/#breadcrumb"},"inLanguage":"de","potentialAction":[{"@type":"ReadAction","target":["https:\/\/www.golfnaturalguidance.com\/de\/anfaengerkurs\/"]}]},{"@type":"ImageObject","inLanguage":"de","@id":"https:\/\/www.golfnaturalguidance.com\/de\/anfaengerkurs\/#primaryimage","url":"https:\/\/www.golfnaturalguidance.com\/wp-content\/uploads\/2023\/07\/Riviera-Maya_Adultos-4.jpg","contentUrl":"https:\/\/www.golfnaturalguidance.com\/wp-content\/uploads\/2023\/07\/Riviera-Maya_Adultos-4.jpg"},{"@type":"BreadcrumbList","@id":"https:\/\/www.golfnaturalguidance.com\/de\/anfaengerkurs\/#breadcrumb","itemListElement":[{"@type":"ListItem","position":1,"name":"Home","item":"https:\/\/www.golfnaturalguidance.com\/de\/"},{"@type":"ListItem","position":2,"name":"Anf\u00e4ngerkurs"}]},{"@type":"WebSite","@id":"https:\/\/www.golfnaturalguidance.com\/de\/#website","url":"https:\/\/www.golfnaturalguidance.com\/de\/","name":"Golf Natural Guidance","description":"Golfunterricht auf Mallorca. Wir sind ein auf die Welt des Golfsports und insbesondere auf den Golfunterricht spezialisiertes Unternehmen.","publisher":{"@id":"https:\/\/www.golfnaturalguidance.com\/de\/#organization"},"potentialAction":[{"@type":"SearchAction","target":{"@type":"EntryPoint","urlTemplate":"https:\/\/www.golfnaturalguidance.com\/de\/?s={search_term_string}"},"query-input":{"@type":"PropertyValueSpecification","valueRequired":true,"valueName":"search_term_string"}}],"inLanguage":"de"},{"@type":"Organization","@id":"https:\/\/www.golfnaturalguidance.com\/de\/#organization","name":"Golf Natural Guidance","url":"https:\/\/www.golfnaturalguidance.com\/de\/","logo":{"@type":"ImageObject","inLanguage":"de","@id":"https:\/\/www.golfnaturalguidance.com\/de\/#\/schema\/logo\/image\/","url":"https:\/\/www.golfnaturalguidance.com\/wp-content\/uploads\/2024\/12\/FRecurso-19.svg","contentUrl":"https:\/\/www.golfnaturalguidance.com\/wp-content\/uploads\/2024\/12\/FRecurso-19.svg","width":70,"height":69,"caption":"Golf Natural Guidance"},"image":{"@id":"https:\/\/www.golfnaturalguidance.com\/de\/#\/schema\/logo\/image\/"}}]}},"_links":{"self":[{"href":"https:\/\/www.golfnaturalguidance.com\/de\/wp-json\/wp\/v2\/pages\/7727","targetHints":{"allow":["GET"]}}],"collection":[{"href":"https:\/\/www.golfnaturalguidance.com\/de\/wp-json\/wp\/v2\/pages"}],"about":[{"href":"https:\/\/www.golfnaturalguidance.com\/de\/wp-json\/wp\/v2\/types\/page"}],"author":[{"embeddable":true,"href":"https:\/\/www.golfnaturalguidance.com\/de\/wp-json\/wp\/v2\/users\/130"}],"replies":[{"embeddable":true,"href":"https:\/\/www.golfnaturalguidance.com\/de\/wp-json\/wp\/v2\/comments?post=7727"}],"version-history":[{"count":0,"href":"https:\/\/www.golfnaturalguidance.com\/de\/wp-json\/wp\/v2\/pages\/7727\/revisions"}],"wp:attachment":[{"href":"https:\/\/www.golfnaturalguidance.com\/de\/wp-json\/wp\/v2\/media?parent=7727"}],"curies":[{"name":"wp","href":"https:\/\/api.w.org\/{rel}","templated":true}]}}